{"id":3180,"date":"2025-09-08T14:24:57","date_gmt":"2025-09-08T12:24:57","guid":{"rendered":"https:\/\/cableshero.com\/politique-de-confidentialite\/"},"modified":"2025-10-14T08:43:32","modified_gmt":"2025-10-14T06:43:32","slug":"politique-de-confidentialite","status":"publish","type":"page","link":"https:\/\/cableshero.com\/fr\/politique-de-confidentialite\/","title":{"rendered":"Politique de confidentialit\u00e9"},"content":{"rendered":"\n<section class=\"gsbp-f9ab152\">\n<h1 class=\"wp-block-heading\" id=\"confidentiality-declaration\">D\u00c9CLARATION DE CONFIDENTIALIT\u00c9<\/h1>\n\n\n\n<p>\u2014<\/p>\n\n\n\n<p><strong>ARTICLE 1 \u2013 INFORMATIONS NOMINATIVES COLLECT\u00c9ES<\/strong><\/p>\n\n\n\n<p>Lorsque vous effectuez un achat sur ma boutique, dans le cadre de mon processus d\u2019achat et de vente, je collecte les informations personnelles que vous me fournissez, telles que votre nom, votre adresse et votre adresse e-mail.<\/p>\n\n\n\n<p>Lorsque vous naviguez dans ma boutique, je re\u00e7ois \u00e9galement automatiquement l\u2019adresse de protocole Internet (adresse IP) de votre ordinateur, ce qui me permet d\u2019obtenir plus de d\u00e9tails sur le navigateur et le syst\u00e8me d\u2019exploitation que vous utilisez.<\/p>\n\n\n\n<p>Marketing par e-mail (le cas \u00e9ch\u00e9ant) : Avec votre autorisation, je peux vous envoyer des e-mails \u00e0 propos de ma boutique, de nouveaux produits et d\u2019autres mises \u00e0 jour.<\/p>\n\n\n\n<p><strong>ARTICLE 2 \u2013 CONSENTEMENT<\/strong><\/p>\n\n\n\n<p>Comment obtenez-vous mon consentement ?<\/p>\n\n\n\n<p>Lorsque vous me fournissez vos renseignements personnels pour effectuer une transaction, v\u00e9rifier votre carte de cr\u00e9dit, passer une commande, planifier une livraison ou retourner un achat, je pr\u00e9sume que vous consentez \u00e0 ce que je recueille vos renseignements et que je les utilise \u00e0 cette fin seulement.<\/p>\n\n\n\n<p>Si je vous demande de me fournir vos informations personnelles pour une autre raison, \u00e0 des fins de marketing par exemple, je vous demanderai directement votre consentement explicite, ou je vous donnerai la possibilit\u00e9 de refuser.<\/p>\n\n\n\n<p>Comment puis-je retirer mon consentement ?<\/p>\n\n\n\n<p>Si, apr\u00e8s m\u2019avoir donn\u00e9 votre consentement, vous changez d\u2019avis et ne consentez plus \u00e0 ce que je vous contacte, que je recueille vos informations ou que je les divulgue, vous pouvez m\u2019en informer en me contactant au frelahar.business@cableshero.com.<\/p>\n\n\n\n<p><strong>ARTICLE 3 \u2013 DIVULGATION<\/strong><\/p>\n\n\n\n<p>Je peux divulguer vos informations personnelles si la loi l\u2019exige ou si vous enfreignez mes conditions d\u2019utilisation.<\/p>\n\n\n\n<p><strong>ARTICLE 4 \u2013 H\u00c9BERGEUR  <\/strong><\/p>\n\n\n\n<p>Ma boutique est h\u00e9berg\u00e9e chez HOSTINGER INTERNATIONAL LTD. Ils me fournissent la plateforme de commerce \u00e9lectronique en ligne qui me permet de vous vendre mes services et produits. <\/p>\n\n\n\n<p>Vos donn\u00e9es sont stock\u00e9es dans le syst\u00e8me de stockage de donn\u00e9es et les bases de donn\u00e9es de HOSTINGER. Vos donn\u00e9es sont stock\u00e9es sur un serveur s\u00e9curis\u00e9 prot\u00e9g\u00e9 par un pare-feu. <\/p>\n\n\n\n<p>Paiement:<\/p>\n\n\n\n<p>Si vous effectuez votre achat via une passerelle de paiement direct, dans ce cas Stripe, PayPal stockera les informations de votre carte de cr\u00e9dit. Ces informations sont crypt\u00e9es conform\u00e9ment \u00e0 la norme de s\u00e9curit\u00e9 des donn\u00e9es de l\u2019industrie des cartes de paiement (PCI-DSS). Les informations relatives \u00e0 votre transaction d\u2019achat sont conserv\u00e9es aussi longtemps que n\u00e9cessaire \u00e0 la finalisation de votre commande. Une fois votre commande finalis\u00e9e, les informations relatives \u00e0 la transaction d\u2019achat sont supprim\u00e9es.   <\/p>\n\n\n\n<p>Toutes les passerelles de paiement direct sont conformes \u00e0 la norme PCI-DSS et sont g\u00e9r\u00e9es par le Conseil des normes de s\u00e9curit\u00e9 PCI, qui est le fruit d\u2019un effort conjoint d\u2019entreprises telles que Visa, MasterCard, American Express et Discover.<\/p>\n\n\n\n<p>Les exigences PCI-DSS permettent de garantir le traitement s\u00e9curis\u00e9 des donn\u00e9es de carte de cr\u00e9dit par ma boutique et ses prestataires de services.<\/p>\n\n\n\n<p><strong>ARTICLE 5 \u2013 SERVICES FOURNIS PAR DES TIERS<\/strong><\/p>\n\n\n\n<p>En g\u00e9n\u00e9ral, les fournisseurs tiers que j\u2019utilise ne recueilleront, n\u2019utiliseront et ne divulgueront vos informations que dans la mesure n\u00e9cessaire pour fournir les services qu\u2019ils me fournissent.<\/p>\n\n\n\n<p>Cependant, certains fournisseurs de services tiers, tels que les passerelles de paiement et autres processeurs de transactions de paiement, ont leurs propres politiques de confidentialit\u00e9 concernant les informations que je suis tenu de leur fournir pour vos transactions d\u2019achat.<\/p>\n\n\n\n<p>En ce qui concerne ces fournisseurs, je vous recommande de lire attentivement leurs politiques de confidentialit\u00e9 afin de comprendre comment ils traiteront vos renseignements personnels.<\/p>\n\n\n\n<p>Il ne faut pas oublier que certains fournisseurs peuvent \u00eatre situ\u00e9s ou avoir des installations situ\u00e9es dans une juridiction diff\u00e9rente de la v\u00f4tre ou de la mienne. Ainsi, si vous d\u00e9cidez de proc\u00e9der \u00e0 une transaction qui n\u00e9cessite les services d\u2019un fournisseur tiers, vos informations peuvent \u00eatre r\u00e9gies par les lois de la juridiction dans laquelle ce fournisseur est situ\u00e9 ou celles de la juridiction dans laquelle ses installations sont situ\u00e9es. <\/p>\n\n\n\n<p>Par exemple, si vous \u00eates situ\u00e9 au Canada et que votre transaction est trait\u00e9e par une passerelle de paiement situ\u00e9e aux \u00c9tats-Unis, les renseignements vous appartenant qui ont \u00e9t\u00e9 utilis\u00e9s pour effectuer la transaction peuvent faire l\u2019objet d\u2019une divulgation en vertu des lois des \u00c9tats-Unis. \u00c9tats-Unis, y compris le Patriot Act. <\/p>\n\n\n\n<p>Une fois que vous quittez le site de ma boutique ou que vous \u00eates redirig\u00e9 vers un site Web ou une application tierce, vous n\u2019\u00eates plus r\u00e9gi par la pr\u00e9sente politique de confidentialit\u00e9 ou les conditions d\u2019utilisation. En utilisant mon site web. <\/p>\n\n\n\n<p>Connexions<\/p>\n\n\n\n<p>Il se peut que vous soyez amen\u00e9 \u00e0 quitter mon site Web en cliquant sur certains liens sur mon site. Je n\u2019assume aucune responsabilit\u00e9 quant aux pratiques de confidentialit\u00e9 exerc\u00e9es par ces autres sites et je vous recommande de lire attentivement leurs politiques de confidentialit\u00e9. <\/p>\n\n\n\n<p><strong>ARTICLE 6 \u2013 S\u00c9CURIT\u00c9<\/strong><\/p>\n\n\n\n<p>Pour prot\u00e9ger vos donn\u00e9es personnelles, je prends des pr\u00e9cautions raisonnables et je suis les meilleures pratiques de l\u2019industrie pour m\u2019assurer qu\u2019elles ne sont pas perdues, utilis\u00e9es \u00e0 mauvais escient, consult\u00e9es, divulgu\u00e9es, modifi\u00e9es ou d\u00e9truites de mani\u00e8re inappropri\u00e9e.<\/p>\n\n\n\n<p>Si vous me fournissez les informations de votre carte de cr\u00e9dit, elles seront crypt\u00e9es \u00e0 l\u2019aide du protocole de s\u00e9curit\u00e9 SSL et stock\u00e9es avec un cryptage de type AES-256. Bien qu\u2019aucune m\u00e9thode de transmission sur Internet ou de stockage \u00e9lectronique ne soit s\u00fbre \u00e0 100 %, je respecte toutes les exigences PCI-DSS et mets en \u0153uvre des normes industrielles suppl\u00e9mentaires g\u00e9n\u00e9ralement accept\u00e9es.<br\/>COOKIES <\/p>\n\n\n\n<p>Voici une liste des cookies que j\u2019utilise. Je les ai r\u00e9pertori\u00e9s ici afin que vous ayez la possibilit\u00e9 de choisir si vous souhaitez les autoriser ou non. <\/p>\n\n\n\n<p><strong>ARTICLE 7 \u2013 \u00c2GE DU CONSENTEMENT<\/strong><\/p>\n\n\n\n<p>En utilisant ce site, vous d\u00e9clarez que vous avez au moins l\u2019\u00e2ge de la majorit\u00e9 dans votre \u00e9tat ou province de r\u00e9sidence, et que vous m\u2019avez donn\u00e9 votre consentement pour permettre \u00e0 toute personne mineure \u00e0 charge de vous d\u2019utiliser ce site Web.<\/p>\n\n\n\n<p><strong>ARTICLE 8 \u2013 MODIFICATIONS DE LA PR\u00c9SENTE POLITIQUE DE CONFIDENTIALIT\u00c9<\/strong><\/p>\n\n\n\n<p>Je me r\u00e9serve le droit de modifier cette politique de confidentialit\u00e9 \u00e0 tout moment, veuillez donc la consulter fr\u00e9quemment. Les modifications et clarifications entreront en vigueur d\u00e8s leur publication sur le site Web. Si j\u2019apporte des modifications au contenu de cette politique, je vous informerai ici qu\u2019elle a \u00e9t\u00e9 mise \u00e0 jour, afin que vous sachiez quelles informations je recueille, comment je les utilise et dans quelles circonstances je les divulguerai, ce qui devrait \u00eatre fait.  <\/p>\n\n\n\n<p>Si ma boutique est acquise ou fusionn\u00e9e avec une autre soci\u00e9t\u00e9, vos informations peuvent \u00eatre transf\u00e9r\u00e9es aux nouveaux propri\u00e9taires afin que je puisse continuer \u00e0 vous vendre des produits.<\/p>\n\n\n\n<h2 class=\"wp-block-heading\" id=\"cookies\"><strong>Cookies<\/strong><\/h2>\n\n\n\n<p><strong>INFORMATIONS SUR LES COOKIES<\/strong> :<\/p>\n\n\n\n<p>Cette politique en mati\u00e8re de cookies explique ce que sont les cookies et comment je les utilise, les informations que nous recueillons \u00e0 l\u2019aide des cookies et comment ces informations sont utilis\u00e9es, et comment contr\u00f4ler les pr\u00e9f\u00e9rences en mati\u00e8re de cookies.<br\/>Vous pouvez \u00e0 tout moment modifier ou retirer votre consentement \u00e0 la d\u00e9claration de cookies sur mon site web.<br\/>Les cookies sont de petits fichiers texte qui sont utilis\u00e9s pour stocker de petits \u00e9l\u00e9ments d\u2019information. Ils sont stock\u00e9s sur votre appareil lorsque le site web est charg\u00e9 sur votre navigateur. Ces cookies m\u2019aident \u00e0 faire fonctionner correctement le site Web, \u00e0 le rendre plus s\u00fbr, \u00e0 offrir une meilleure exp\u00e9rience utilisateur, \u00e0 comprendre les performances du site Web et \u00e0 analyser ce qui fonctionne et o\u00f9 il doit \u00eatre am\u00e9lior\u00e9.  <\/p>\n\n\n\n<p>Votre consentement s\u2019applique aux domaines suivants : <a href=\"https:\/\/cableshero.com\/\">cableshero.com<\/a><\/p>\n\n\n\n<p><strong>QUELS TYPES DE COOKIES EST-CE QUE J\u2019UTILISE ?<\/strong><\/p>\n\n\n\n<p><strong>Essentiel:<\/strong> Certains cookies sont essentiels pour que vous puissiez profiter de toutes les fonctionnalit\u00e9s de mon site. Ils me permettent de maintenir les sessions des utilisateurs et de pr\u00e9venir toute menace de s\u00e9curit\u00e9. Ils ne collectent ni ne stockent aucune information personnelle. Par exemple, ces cookies vous permettent de vous connecter \u00e0 votre compte et d\u2019ajouter des produits \u00e0 votre panier, et de passer \u00e0 la caisse en toute s\u00e9curit\u00e9.   <\/p>\n\n\n\n<p><strong>Statistiques:<\/strong> Ces cookies stockent des informations telles que le nombre de visiteurs sur le site web, le nombre de visiteurs uniques, les pages du site web qui ont \u00e9t\u00e9 visit\u00e9es, la source de la visite, etc. Ces donn\u00e9es m\u2019aident \u00e0 comprendre et \u00e0 analyser les performances du site Web et les points \u00e0 am\u00e9liorer. <\/p>\n\n\n\n<p><strong>Marketing:<\/strong> Mon site web affiche des publicit\u00e9s. Ces cookies sont utilis\u00e9s pour personnaliser les publicit\u00e9s que je vous montre afin qu\u2019elles aient un sens pour vous. Ces cookies m\u2019aident \u00e9galement \u00e0 suivre l\u2019efficacit\u00e9 de ces campagnes publicitaires.  <\/p>\n\n\n\n<p>Les informations stock\u00e9es dans ces cookies peuvent \u00e9galement \u00eatre utilis\u00e9es par les fournisseurs d\u2019annonces tiers pour vous montrer des publicit\u00e9s sur d\u2019autres sites Web sur le navigateur.<\/p>\n\n\n\n<p><strong>Fonctionnel:<\/strong> Ce sont les cookies qui aident certaines fonctionnalit\u00e9s non essentielles de mon site web. Ces fonctionnalit\u00e9s incluent l\u2019int\u00e9gration de contenus tels que des vid\u00e9os ou le partage de contenu du site Web sur les plateformes de m\u00e9dias sociaux. <\/p>\n\n\n\n<p><strong>Pr\u00e9f\u00e9rences:<\/strong> Ces cookies m\u2019aident \u00e0 stocker vos param\u00e8tres et vos pr\u00e9f\u00e9rences de navigation, comme les pr\u00e9f\u00e9rences linguistiques, afin que vous ayez une exp\u00e9rience meilleure et efficace lors de vos futures visites sur le site Web.<\/p>\n\n\n\n<p><strong>COMMENT PUIS-JE CONTR\u00d4LER LES PR\u00c9F\u00c9RENCES EN MATI\u00c8RE DE COOKIES ?<\/strong><\/p>\n\n\n\n<p>En outre, diff\u00e9rents navigateurs proposent diff\u00e9rentes m\u00e9thodes pour bloquer et supprimer les cookies utilis\u00e9s par les sites Web. Vous pouvez modifier les param\u00e8tres de votre navigateur pour bloquer\/supprimer les cookies. Pour en savoir plus sur la gestion et la suppression des cookies :  <\/p>\n\n\n\n<ul class=\"wp-block-list\">\n<li><a href=\"https:\/\/support.mozilla.org\/en-US\/kb\/clear-cookies-and-site-data-firefox\" target=\"_blank\" rel=\"noreferrer noopener nofollow\"><span style=\"text-decoration: underline;\">Mozilla Firefox<\/span><\/a><\/li>\n\n\n\n<li><a href=\"https:\/\/support.microsoft.com\/en-us\/windows\/delete-and-manage-cookies-168dab11-0753-043d-7c16-ede5947fc64d#ie=ie-10\" target=\"_blank\" rel=\"noreferrer noopener nofollow\"><span style=\"text-decoration: underline;\">Bord<\/span><\/a><\/li>\n\n\n\n<li><a href=\"https:\/\/support.google.com\/accounts\/answer\/32050?hl=en&amp;co=GENIE.Platform%3DDesktop\" target=\"_blank\" rel=\"noreferrer noopener nofollow\"><span style=\"text-decoration: underline;\">Google Chrome<\/span><\/a><\/li>\n\n\n\n<li><a href=\"https:\/\/support.apple.com\/en-us\/HT201265#:~:text=To%20clear%20your%20history%20and,t%20change%20your%20AutoFill%20information.\" target=\"_blank\" rel=\"noreferrer noopener nofollow\"><span style=\"text-decoration: underline;\">Safari<\/span><\/a><\/li>\n<\/ul>\n\n\n\n<p><strong>QUESTIONS ET COORDONN\u00c9ES<\/strong><\/p>\n\n\n\n<p>Si vous souhaitez : acc\u00e9der, corriger, modifier ou supprimer des informations personnelles que je d\u00e9tiens \u00e0 votre sujet, ou si vous souhaitez simplement plus d\u2019informations, contactez-moi au <a href=\"mailto:f%72ela%68a%72.%62%75si%6E%65ss%40cab%6Ceshero%2Ecom\" target=\"_blank\" rel=\"noreferrer noopener nofollow\">frelahar.business@cableshero.com<\/a><\/p>\n<\/section>\n","protected":false},"excerpt":{"rendered":"","protected":false},"author":1,"featured_media":0,"parent":0,"menu_order":0,"comment_status":"closed","ping_status":"open","template":"","meta":{"_acf_changed":false,"bwfblock_default_font":"","_gspb_post_css":".gsbp-f9ab152{max-width:800px;padding-top:80px;padding-bottom:80px}","footnotes":""},"class_list":["post-3180","page","type-page","status-publish","hentry"],"blocksy_meta":{"has_hero_section":"disabled","vertical_spacing_source":"inherit","styles_descriptor":{"styles":{"desktop":"","tablet":"","mobile":""},"google_fonts":[],"version":6}},"acf":[],"_links":{"self":[{"href":"https:\/\/cableshero.com\/fr\/wp-json\/wp\/v2\/pages\/3180","targetHints":{"allow":["GET"]}}],"collection":[{"href":"https:\/\/cableshero.com\/fr\/wp-json\/wp\/v2\/pages"}],"about":[{"href":"https:\/\/cableshero.com\/fr\/wp-json\/wp\/v2\/types\/page"}],"author":[{"embeddable":true,"href":"https:\/\/cableshero.com\/fr\/wp-json\/wp\/v2\/users\/1"}],"replies":[{"embeddable":true,"href":"https:\/\/cableshero.com\/fr\/wp-json\/wp\/v2\/comments?post=3180"}],"version-history":[{"count":0,"href":"https:\/\/cableshero.com\/fr\/wp-json\/wp\/v2\/pages\/3180\/revisions"}],"wp:attachment":[{"href":"https:\/\/cableshero.com\/fr\/wp-json\/wp\/v2\/media?parent=3180"}],"curies":[{"name":"wp","href":"https:\/\/api.w.org\/{rel}","templated":true}]}}