{"id":3153,"date":"2025-10-06T20:01:08","date_gmt":"2025-10-06T18:01:08","guid":{"rendered":"https:\/\/cableshero.com\/avis-juridique\/"},"modified":"2025-10-19T17:54:16","modified_gmt":"2025-10-19T15:54:16","slug":"mentions-legales","status":"publish","type":"page","link":"https:\/\/cableshero.com\/fr\/mentions-legales\/","title":{"rendered":"Mentions L\u00e9gales"},"content":{"rendered":"\n<section class=\"gsbp-f9ab152\">\n<h2 class=\"wp-block-heading has-text-align-center\" id=\"legal-notice\"><strong>Mentions l\u00e9gales :<\/strong><\/h2>\n\n\n\n<p><strong>Client :<\/strong> tout professionnel ou personne physique capable au sens des articles 1123 et suivants du Code civil, ou personne morale, qui visite le Site sous r\u00e9serve des pr\u00e9sentes conditions g\u00e9n\u00e9rales.<br\/><strong>Avantages et services : <\/strong> https:\/\/cableshero.com\/ <a href=\"https:\/\/cableshero.com\/\">fournit aux<\/a> clients les services suivants<br\/><strong>Contenu :<\/strong> Tous les \u00e9l\u00e9ments constitutifs de l&rsquo;information pr\u00e9sente sur le Site, notamment les textes &#8211; images &#8211; vid\u00e9os.<br\/><strong>Informations sur les clients :<\/strong> Ci-apr\u00e8s d\u00e9nomm\u00e9es \u00a0\u00bb Information(s) \u00a0\u00bb qui correspondent \u00e0 toutes les donn\u00e9es personnelles qui peuvent \u00eatre d\u00e9tenues par https:\/\/cableshero.com\/ pour la gestion de votre compte, la gestion de la relation client et \u00e0 des fins analytiques et statistiques.<br\/><strong>Utilisateur :<\/strong> Internaute se connectant, utilisant le site susmentionn\u00e9.<br\/><strong>Informations personnelles :<\/strong> \u00a0\u00bb Les informations qui permettent, sous quelque forme que ce soit, directement ou non, l&rsquo;identification des personnes physiques auxquelles elles s&rsquo;appliquent \u00a0\u00bb (article 4 de la loi n\u00b0 78-17 du 6 janvier 1978). Les termes \u00a0\u00bb donn\u00e9es \u00e0 caract\u00e8re personnel \u00ab\u00a0, \u00a0\u00bb personne concern\u00e9e \u00ab\u00a0, \u00a0\u00bb sous-traitant \u00a0\u00bb et \u00a0\u00bb donn\u00e9es sensibles \u00a0\u00bb ont le sens d\u00e9fini par le R\u00e8glement g\u00e9n\u00e9ral sur la protection des donn\u00e9es (RGPD : n\u00b0 2016-679) <\/p>\n\n\n\n<h3 class=\"wp-block-heading has-text-align-center\" id=\"presentation-of-the-website\" style=\"font-size:clamp(16.834px, 1.052rem + ((1vw - 3.2px) * 0.716), 26px);\"><strong>Pr\u00e9sentation du site web<\/strong><\/h3>\n\n\n\n<p><strong>Propri\u00e9taire<\/strong>: ONIXO EI &#8211; 3 rue des vignes 72250 Brette les pins<br\/>SIRET : 920 235 728 00010<br\/><strong>Responsable de la publication<\/strong>: Fayat Pierre &#8211; <a href=\"mailto:f%72ela%68a%72.%62%75si%6E%65ss%40cab%6Ceshero%2Ecom\" target=\"_blank\" rel=\"noreferrer noopener nofollow\">frelahar.business@cableshero.com<\/a><br\/>Le responsable de la publication est une personne physique.<br\/><strong>Webmaster<\/strong>: Fayat Pierre &#8211; frelahar.business@cableshero.com<br\/><strong>H\u00e9bergeur<\/strong>: Hostinger &#8211; Rue Jonavos 60C, Kaunas 44192 Lituanie<br\/><strong>D\u00e9l\u00e9gu\u00e9 \u00e0 la protection des donn\u00e9es<\/strong>: Fayat Pierre &#8211; frelahar.business@cableshero.com<\/p>\n\n\n\n<p class=\"has-text-align-center\" style=\"padding-top:var(--wp--preset--spacing--70);padding-bottom:var(--wp--preset--spacing--70)\"><strong>Derni\u00e8re \u00e9dition<\/strong>: 10\/10\/25<\/p>\n<\/section>\n","protected":false},"excerpt":{"rendered":"","protected":false},"author":1,"featured_media":0,"parent":0,"menu_order":0,"comment_status":"closed","ping_status":"closed","template":"","meta":{"_acf_changed":false,"bwfblock_default_font":"","_gspb_post_css":".gsbp-f9ab152{max-width:800px;padding-bottom:80px;padding-top:80px}@media (max-width:575.98px){.gsbp-f9ab152{padding-bottom:30px;padding-top:0}}","footnotes":""},"class_list":["post-3153","page","type-page","status-publish","hentry"],"blocksy_meta":{"has_hero_section":"disabled","styles_descriptor":{"styles":{"desktop":"","tablet":"","mobile":""},"google_fonts":[],"version":6}},"acf":[],"_links":{"self":[{"href":"https:\/\/cableshero.com\/fr\/wp-json\/wp\/v2\/pages\/3153","targetHints":{"allow":["GET"]}}],"collection":[{"href":"https:\/\/cableshero.com\/fr\/wp-json\/wp\/v2\/pages"}],"about":[{"href":"https:\/\/cableshero.com\/fr\/wp-json\/wp\/v2\/types\/page"}],"author":[{"embeddable":true,"href":"https:\/\/cableshero.com\/fr\/wp-json\/wp\/v2\/users\/1"}],"replies":[{"embeddable":true,"href":"https:\/\/cableshero.com\/fr\/wp-json\/wp\/v2\/comments?post=3153"}],"version-history":[{"count":0,"href":"https:\/\/cableshero.com\/fr\/wp-json\/wp\/v2\/pages\/3153\/revisions"}],"wp:attachment":[{"href":"https:\/\/cableshero.com\/fr\/wp-json\/wp\/v2\/media?parent=3153"}],"curies":[{"name":"wp","href":"https:\/\/api.w.org\/{rel}","templated":true}]}}